{"id":381,"date":"2020-02-15T16:16:05","date_gmt":"2020-02-15T16:16:05","guid":{"rendered":"https:\/\/www.ultracompras.com\/terpel\/?page_id=381"},"modified":"2020-02-15T16:16:05","modified_gmt":"2020-02-15T16:16:05","slug":"politicas-de-privacidad","status":"publish","type":"page","link":"https:\/\/www.ultracompras.com\/terpel\/politicas-de-privacidad\/","title":{"rendered":"Pol\u00edticas de Privacidad"},"content":{"rendered":"\n<p>Esta pol\u00edtica de privacidad es v\u00e1lida para el sitio web\u00a0<strong>www.ultracompras.com\/portal<\/strong><\/p>\n\n\n\n<p>DATOS IDENTIFICATIVOS: En cumplimiento con el deber de informaci\u00f3n recogido en art\u00edculo<\/p>\n\n\n\n<ol class=\"wp-block-list\"><li>de la Ley 6, del 2002, de Acceso a la Informaci\u00f3n y del Comercio Electr\u00f3nico, a continuaci\u00f3n se reflejan los siguientes datos: la empresa titular de dominio web es\u00a0<strong>ULTRAMAR COMMERCIAL CORP\u00a0<\/strong>(en adelante<strong>\u00a0ULTRACOM<\/strong>), con domicilio a estos efectos en Calle\u00a0V\u00eda Fern\u00e1ndez de C\u00f3rdoba Final N\u00b040-43\u00a0n\u00famero de R.U.C.:\u00a01091-157-111481 DV. 40\u00a0\u00a0inscrita en el Registro P\u00fablico de Panam\u00e1 en el tomo\u00a01091\u00a0de la Secci\u00f3n\u00a0Mercantil.\u00a0Correo electr\u00f3nico de contacto:\u00a0<strong>gventas@ultracomonline.com<\/strong><\/li><li>USUARIOS: El acceso y\/o uso de este portal de\u00a0<strong>ULTRAMAR COMMERCIAL CORP\u00a0<\/strong>\u00a0creadora del sitio web atribuye la condici\u00f3n de USUARIO, que acepta, desde dicho acceso y\/o uso, las Condiciones Generales de Uso aqu\u00ed reflejadas. Las citadas Condiciones ser\u00e1n de aplicaci\u00f3n independientemente de las Condiciones Generales de Contrataci\u00f3n que en su caso resulten de obligado cumplimiento.<\/li><li>USO DEL PORTAL:\u00a0<strong>www.ultracomonline.com<\/strong>\u00a0proporciona el acceso a multitud de informaciones, servicios, programas o datos (en adelante, \u00ablos contenidos\u00bb) en Internet pertenecientes a\u00a0<strong>ULTRAMAR COMMERCIAL CORP\u00a0<\/strong>\u00a0creadora del sitio web o a sus licenciantes a los que el USUARIO pueda tener acceso. El USUARIO asume la responsabilidad del uso del portal. Dicha responsabilidad se extiende al registro que fuese necesario para acceder a determinados servicios o contenidos. En dicho registro el USUARIO ser\u00e1 responsable de aportar informaci\u00f3n veraz y l\u00edcita. Como consecuencia de este registro, al USUARIO se le puede proporcionar una contrase\u00f1a de la que ser\u00e1 responsable, comprometi\u00e9ndose a hacer un uso diligente y confidencial de la misma. El USUARIO se compromete a hacer un uso adecuado de los contenidos y servicios (como por ejemplo servicios de chat, foros de discusi\u00f3n o grupos de noticias) que\u00a0<strong>ULTRAMAR COMMERCIAL CORP\u00a0<\/strong>\u00a0creadora del sitio web ofrece a trav\u00e9s de su portal y con car\u00e1cter enunciativo pero no limitativo, a no emplearlos para (i) incurrir en actividades il\u00edcitas, ilegales o contrarias a la buena fe y al orden p\u00fablico; (ii) difundir contenidos o propaganda de car\u00e1cter racista, xen\u00f3fobo, pornogr\u00e1fico-ilegal, de apolog\u00eda del terrorismo o atentatorio contra los derechos humanos; (iii) provocar da\u00f1os en los sistemas f\u00edsicos y l\u00f3gicos de\u00a0<strong>ULTRAMAR COMMERCIAL CORP\u00a0<\/strong>\u00a0creadora del sitio web , de sus proveedores o de terceras personas, introducir o difundir en la red virus inform\u00e1ticos o cualesquiera otros sistemas f\u00edsicos o l\u00f3gicos que sean susceptibles de provocar los da\u00f1os anteriormente mencionados; (iv) intentar acceder y, en su caso, utilizar las cuentas de correo electr\u00f3nico de otros usuarios y modificar o manipular sus mensajes.\u00a0<strong>ULTRAMAR COMMERCIAL CORP\u00a0<\/strong>\u00a0creadora del sitio web se reserva el derecho de retirar todos aquellos comentarios y aportaciones que vulneren el respeto a la dignidad de la persona, que sean discriminatorios, xen\u00f3fobos, racistas, pornogr\u00e1ficos, que atenten contra la juventud o la infancia, el orden o la seguridad p\u00fablica o que, a su juicio, no resultaran adecuados para su publicaci\u00f3n. En cualquier caso,\u00a0<strong>ULTRAMAR COMMERCIAL CORP\u00a0\u00a0<\/strong>creadora del sitio web no ser\u00e1 responsable de las opiniones vertidas por los usuarios a trav\u00e9s de los foros, chats, u otras herramientas de participaci\u00f3n.<\/li><li>PROTECCI\u00d3N DE DATOS:\u00a0<strong>ULTRAMAR COMMERCIAL CORP\u00a0<\/strong>\u00a0creadora del sitio web cumple con las directrices de la Convenci\u00f3n Americana de los Derechos Humanos (ARTICULO 11), La Organizaci\u00f3n de Estados Americanos (OEA) (Comparative Study: Data Protection in the Americas. CP\/CAJP-3063\/12. 3 de Abril de 2012) de la Privacidad y Protecci\u00f3n de Datos de Car\u00e1cter Personal y el Proyecto de Ley que se encuentra en Consejo de Gabinete, y vela por garantizar un correcto uso y tratamiento de los datos personales del usuario. Para ello, junto a cada formulario de recabo de datos de car\u00e1cter personal, en los servicios que el usuario pueda solicitar a\u00a0<strong>ULTRAMAR COMMERCIAL CORP\u00a0<\/strong>\u00a0creadora del sitio web , har\u00e1 saber al usuario de la existencia y aceptaci\u00f3n de las condiciones particulares del tratamiento de sus datos en cada caso, inform\u00e1ndole de la responsabilidad del fichero creado, la direcci\u00f3n del responsable, la posibilidad de ejercer sus derechos de acceso, rectificaci\u00f3n, cancelaci\u00f3n u oposici\u00f3n, la finalidad del tratamiento y las comunicaciones de datos a terceros en su caso. Asimismo,\u00a0<strong>ULTRAMAR COMMERCIAL CORP\u00a0\u00a0<\/strong>creadora del sitio web informa que da cumplimiento a las directrices de Los Servicios de la Sociedad de la Informaci\u00f3n y el Comercio Electr\u00f3nico y le solicitar\u00e1 su consentimiento al tratamiento de su correo electr\u00f3nico con fines comerciales en cada momento.<\/li><li>PROPIEDAD INTELECTUAL E INDUSTRIAL:\u00a0<strong>ULTRAMAR COMMERCIAL CORP\u00a0<\/strong>\u00a0creadora del sitio web por s\u00ed o como cesionaria, es titular de todos los derechos de propiedad intelectual e industrial de su p\u00e1gina web, as\u00ed como de los elementos contenidos en la misma (a t\u00edtulo enunciativo, im\u00e1genes, sonido, audio, v\u00eddeo, software o textos; marcas o logotipos, combinaciones de colores, estructura y dise\u00f1o, selecci\u00f3n de materiales usados, programas de ordenador necesarios para su funcionamiento, acceso y uso, etc.), titularidad de\u00a0<strong>ULTRAMAR COMMERCIAL CORP\u00a0\u00a0<\/strong>creadora del sitio web o bien de sus licenciantes. Todos los derechos reservados. En virtud de lo dispuesto en Proyecto de Ley que se encuentra en Consejo de Gabinete de La Propiedad Intelectual, quedan expresamente prohibidas la reproducci\u00f3n, la distribuci\u00f3n y la comunicaci\u00f3n p\u00fablica, incluida su modalidad de puesta a disposici\u00f3n, de la totalidad o parte de los contenidos de esta p\u00e1gina web, con fines comerciales, en cualquier soporte y por cualquier medio t\u00e9cnico, sin la autorizaci\u00f3n de\u00a0<strong>ULTRAMAR COMMERCIAL CORP\u00a0<\/strong>\u00a0creadora del sitio web . El USUARIO se compromete a respetar los derechos de Propiedad Intelectual e Industrial titularidad de\u00a0<strong>ULTRAMAR COMMERCIAL CORP\u00a0<\/strong>\u00a0creadora del sitio web. Podr\u00e1 visualizar los elementos del portal e incluso imprimirlos, copiarlos y almacenarlos en el disco duro de su ordenador o en cualquier otro soporte f\u00edsico siempre y cuando sea, \u00fanica y exclusivamente, para su uso personal y privado. El USUARIO deber\u00e1 abstenerse de suprimir, alterar, eludir o manipular cualquier dispositivo de protecci\u00f3n o sistema de seguridad que estuviera instalado en el las p\u00e1ginas de\u00a0<strong>ULTRAMAR COMMERCIAL CORP<\/strong>\u00a0creadora del sitio web.<\/li><li>EXCLUSI\u00d3N DE GARANT\u00cdAS Y RESPONSABILIDAD:\u00a0<strong>ULTRAMAR COMMERCIAL CORP<\/strong>\u00a0creadora del sitio web. no se hace responsable, en ning\u00fan caso, de los da\u00f1os y perjuicios de cualquier naturaleza que pudieran ocasionar, a t\u00edtulo enunciativo: errores u omisiones en los contenidos, falta de disponibilidad del portal o la transmisi\u00f3n de virus o programas maliciosos o lesivos en los contenidos, a pesar de haber adoptado todas las medidas tecnol\u00f3gicas necesarias para evitarlo.<\/li><li>MODIFICACIONES:\u00a0<strong>ULTRAMAR COMMERCIAL CORP\u00a0<\/strong>\u00a0creadora del sitio web se reserva el derecho de efectuar sin previo aviso las modificaciones que considere oportunas en su portal, pudiendo cambiar, suprimir o a\u00f1adir tanto los contenidos y servicios que se presten a trav\u00e9s de la misma como la forma en la que \u00e9stos aparezcan presentados o localizados en su portal.<\/li><li>ENLACES: En el caso de que en\u00a0<strong>www.ultracomonline.com<\/strong>\u00a0se dispusiesen enlaces o hiperv\u00ednculos hac\u00eda otros sitios de Internet,\u00a0<strong>ULTRAMAR COMMERCIAL CORP\u00a0<\/strong>\u00a0creadora del sitio web no ejercer\u00e1 ning\u00fan tipo de control sobre dichos sitios y contenidos. En ning\u00fan caso\u00a0<strong>ULTRAMAR COMMERCIAL CORP\u00a0\u00a0<\/strong>creadora del sitio web asumir\u00e1 responsabilidad alguna por los contenidos de alg\u00fan enlace perteneciente a un sitio web ajeno, ni garantizar\u00e1 la disponibilidad t\u00e9cnica, calidad, fiabilidad, exactitud, amplitud, veracidad, validez y constitucionalidad de cualquier material o informaci\u00f3n contenida en ninguno de dichos hiperv\u00ednculos u otros sitios de Internet. Igualmente la inclusi\u00f3n de estas conexiones externas no implicar\u00e1 ning\u00fan tipo de asociaci\u00f3n, fusi\u00f3n o participaci\u00f3n con las entidades conectadas.<\/li><li>DERECHO DE EXCLUSI\u00d3N:\u00a0<strong>ULTRAMAR COMMERCIAL CORP\u00a0<\/strong>\u00a0creadora del sitio web se reserva el derecho a denegar o retirar el acceso a portal y\/o los servicios ofrecidos sin necesidad de preaviso, a instancia propia o de un tercero, a aquellos usuarios que incumplan las presentes Condiciones Generales de Uso.<\/li><li>GENERALIDADES:\u00a0<strong>ULTRAMAR COMMERCIAL CORP\u00a0<\/strong>\u00a0creadora del sitio web perseguir\u00e1 el incumplimiento de las presentes condiciones as\u00ed como cualquier utilizaci\u00f3n indebida de su portal ejerciendo todas las acciones civiles y penales que le puedan corresponder en derecho.<\/li><li>MODIFICACI\u00d3N DE LAS PRESENTES CONDICIONES Y DURACI\u00d3N:\u00a0<strong>ULTRAMAR COMMERCIAL CORP\u00a0\u00a0<\/strong>creadora del sitio web podr\u00e1 modificar en cualquier momento las condiciones aqu\u00ed determinadas, siendo debidamente publicadas como aqu\u00ed aparecen. La vigencia de las citadas condiciones ir\u00e1 en funci\u00f3n de su exposici\u00f3n y estar\u00e1n vigentes hasta que sean modificadas por otras debidamente publicadas.<\/li><li>LEGISLACI\u00d3N APLICABLE Y JURISDICCI\u00d3N: La relaci\u00f3n entre\u00a0<strong>ULTRAMAR COMMERCIAL CORP\u00a0<\/strong>\u00a0creadora del sitio web y el USUARIO se regir\u00e1 por la normativa paname\u00f1a vigente y cualquier controversia se someter\u00e1 a los Juzgados y tribunales de la ciudad de Panam\u00e1.<\/li><\/ol>\n","protected":false},"excerpt":{"rendered":"<p>Esta pol\u00edtica de privacidad es v\u00e1lida para el sitio web\u00a0www.ultracompras.com\/portal DATOS IDENTIFICATIVOS: En cumplimiento con el deber de informaci\u00f3n recogido en art\u00edculo de la Ley 6, del 2002, de Acceso a la Informaci\u00f3n y del Comercio Electr\u00f3nico, a continuaci\u00f3n se reflejan los siguientes datos: la empresa titular de dominio web es\u00a0ULTRAMAR COMMERCIAL CORP\u00a0(en adelante\u00a0ULTRACOM), con [&hellip;]<\/p>\n","protected":false},"author":1,"featured_media":0,"parent":0,"menu_order":0,"comment_status":"closed","ping_status":"closed","template":"","meta":{"footnotes":""},"class_list":["post-381","page","type-page","status-publish","hentry"],"_links":{"self":[{"href":"https:\/\/www.ultracompras.com\/terpel\/wp-json\/wp\/v2\/pages\/381","targetHints":{"allow":["GET"]}}],"collection":[{"href":"https:\/\/www.ultracompras.com\/terpel\/wp-json\/wp\/v2\/pages"}],"about":[{"href":"https:\/\/www.ultracompras.com\/terpel\/wp-json\/wp\/v2\/types\/page"}],"author":[{"embeddable":true,"href":"https:\/\/www.ultracompras.com\/terpel\/wp-json\/wp\/v2\/users\/1"}],"replies":[{"embeddable":true,"href":"https:\/\/www.ultracompras.com\/terpel\/wp-json\/wp\/v2\/comments?post=381"}],"version-history":[{"count":1,"href":"https:\/\/www.ultracompras.com\/terpel\/wp-json\/wp\/v2\/pages\/381\/revisions"}],"predecessor-version":[{"id":382,"href":"https:\/\/www.ultracompras.com\/terpel\/wp-json\/wp\/v2\/pages\/381\/revisions\/382"}],"wp:attachment":[{"href":"https:\/\/www.ultracompras.com\/terpel\/wp-json\/wp\/v2\/media?parent=381"}],"curies":[{"name":"wp","href":"https:\/\/api.w.org\/{rel}","templated":true}]}}